{"id":438,"date":"2018-07-31T09:38:34","date_gmt":"2018-07-31T09:38:34","guid":{"rendered":"http:\/\/www.fundaciomarcsauquet.org\/?page_id=438"},"modified":"2018-08-01T07:02:41","modified_gmt":"2018-08-01T07:02:41","slug":"en-record-del-marc","status":"publish","type":"page","link":"https:\/\/www.fundaciomarcsauquet.org\/?page_id=438","title":{"rendered":"En record del Marc"},"content":{"rendered":"<div class=\"wpb-content-wrapper\"><p>[vc_row row_type=&#8221;row&#8221; use_row_as_full_screen_section=&#8221;no&#8221; type=&#8221;grid&#8221; text_align=&#8221;center&#8221; background_animation=&#8221;none&#8221; padding_bottom=&#8221;100&#8243; css_animation=&#8221;&#8221;][vc_column width=&#8221;5\/6&#8243; offset=&#8221;vc_col-sm-offset-1&#8243;][vc_empty_space height=&#8221;27px&#8221;][vc_column_text]<\/p>\n<h2>MARC SAUQUET FUNDACI\u00d3<\/h2>\n<p>[\/vc_column_text][vc_empty_space height=&#8221;27px&#8221;][vc_column_text]<\/p>\n<p style=\"text-align: center;\">El Marc va tenir una vida molt curta. No obstant, la va viure de forma molt intensa, gaudint-la i aprofitant-la al m\u00e0xim.<\/p>\n<p style=\"text-align: center;\">Aqui nom\u00e9s hi ha unes paraules del record que el Marc va deixar en algunes de les persones que van poder compartir amb ell experi\u00e8ncies i viv\u00e8ncies que ben segur sempre recordaran\u2026<\/p>\n<p>[\/vc_column_text][\/vc_column][\/vc_row][vc_row row_type=&#8221;row&#8221; use_row_as_full_screen_section=&#8221;no&#8221; type=&#8221;grid&#8221; text_align=&#8221;center&#8221; background_animation=&#8221;none&#8221; padding_bottom=&#8221;110&#8243; css_animation=&#8221;&#8221;][vc_column offset=&#8221;vc_col-lg-offset-0 vc_col-lg-4 vc_col-md-offset-0 vc_col-md-4 vc_col-sm-offset-0&#8243;][vc_single_image image=&#8221;442&#8243; img_size=&#8221;full&#8221; alignment=&#8221;center&#8221; style=&#8221;vc_box_border&#8221; onclick=&#8221;link_image&#8221; qode_css_animation=&#8221;&#8221;][vc_empty_space height=&#8221;30px&#8221;][vc_column_text]<\/p>\n<h6>2013 &#8211; Xavi Bombard\u00f3<\/h6>\n<p>[\/vc_column_text][vc_separator type=&#8221;full_width&#8221; border_style=&#8221;&#8221;][vc_empty_space height=&#8221;30px&#8221;][\/vc_column][vc_column offset=&#8221;vc_col-lg-offset-0 vc_col-lg-4 vc_col-md-offset-0 vc_col-md-4 vc_col-sm-offset-0&#8243;][vc_single_image image=&#8221;444&#8243; img_size=&#8221;full&#8221; alignment=&#8221;center&#8221; style=&#8221;vc_box_border&#8221; onclick=&#8221;link_image&#8221; qode_css_animation=&#8221;&#8221;][vc_empty_space height=&#8221;30px&#8221;][vc_column_text]<\/p>\n<h6>2012 &#8211; Oriol Permanyer<\/h6>\n<p>[\/vc_column_text][vc_separator type=&#8221;full_width&#8221; border_style=&#8221;&#8221;][vc_empty_space height=&#8221;30px&#8221;][\/vc_column][vc_column offset=&#8221;vc_col-lg-offset-0 vc_col-lg-4 vc_col-md-offset-0 vc_col-md-4 vc_col-sm-offset-0&#8243;][vc_single_image image=&#8221;447&#8243; img_size=&#8221;full&#8221; alignment=&#8221;center&#8221; style=&#8221;vc_box_border&#8221; onclick=&#8221;link_image&#8221; qode_css_animation=&#8221;&#8221;][vc_empty_space height=&#8221;30px&#8221;][vc_column_text]<\/p>\n<h6>2011 &#8211; Oriol Ros<\/h6>\n<p>[\/vc_column_text][vc_separator type=&#8221;full_width&#8221; border_style=&#8221;&#8221;][vc_empty_space height=&#8221;30px&#8221;][\/vc_column][\/vc_row][vc_row row_type=&#8221;row&#8221; use_row_as_full_screen_section=&#8221;no&#8221; type=&#8221;grid&#8221; text_align=&#8221;center&#8221; background_animation=&#8221;none&#8221; padding_bottom=&#8221;110&#8243; css_animation=&#8221;&#8221;][vc_column offset=&#8221;vc_col-lg-offset-0 vc_col-lg-4 vc_col-md-offset-0 vc_col-md-4 vc_col-sm-offset-0&#8243;][vc_single_image image=&#8221;443&#8243; img_size=&#8221;full&#8221; alignment=&#8221;center&#8221; style=&#8221;vc_box_border&#8221; onclick=&#8221;link_image&#8221; qode_css_animation=&#8221;&#8221;][vc_empty_space height=&#8221;30px&#8221;][vc_column_text]<\/p>\n<h6>2010 &#8211; Xavi Roma<\/h6>\n<p>[\/vc_column_text][vc_separator type=&#8221;full_width&#8221; border_style=&#8221;&#8221;][vc_empty_space height=&#8221;30px&#8221;][\/vc_column][vc_column offset=&#8221;vc_col-lg-offset-0 vc_col-lg-4 vc_col-md-offset-0 vc_col-md-4 vc_col-sm-offset-0&#8243;][vc_single_image image=&#8221;447&#8243; img_size=&#8221;full&#8221; alignment=&#8221;center&#8221; style=&#8221;vc_box_border&#8221; onclick=&#8221;link_image&#8221; qode_css_animation=&#8221;&#8221;][vc_empty_space height=&#8221;30px&#8221;][vc_column_text]<\/p>\n<h6>2009 &#8211; Miguel Bertran<\/h6>\n<p>[\/vc_column_text][vc_separator type=&#8221;full_width&#8221; border_style=&#8221;&#8221;][vc_empty_space height=&#8221;30px&#8221;][\/vc_column][vc_column offset=&#8221;vc_col-lg-offset-0 vc_col-lg-4 vc_col-md-offset-0 vc_col-md-4 vc_col-sm-offset-0&#8243;][vc_single_image image=&#8221;445&#8243; img_size=&#8221;full&#8221; alignment=&#8221;center&#8221; style=&#8221;vc_box_border&#8221; onclick=&#8221;link_image&#8221; qode_css_animation=&#8221;&#8221;][vc_empty_space height=&#8221;30px&#8221;][vc_column_text]<\/p>\n<h6>2008 &#8211; Jordi Broca<\/h6>\n<p>[\/vc_column_text][vc_separator type=&#8221;full_width&#8221; border_style=&#8221;&#8221;][vc_empty_space height=&#8221;30px&#8221;][\/vc_column][\/vc_row][vc_row row_type=&#8221;row&#8221; use_row_as_full_screen_section=&#8221;no&#8221; type=&#8221;grid&#8221; text_align=&#8221;center&#8221; background_animation=&#8221;none&#8221; padding_bottom=&#8221;110&#8243; css_animation=&#8221;&#8221;][vc_column offset=&#8221;vc_col-lg-offset-0 vc_col-lg-4 vc_col-md-offset-0 vc_col-md-4 vc_col-sm-offset-0&#8243;][vc_single_image image=&#8221;446&#8243; img_size=&#8221;full&#8221; alignment=&#8221;center&#8221; style=&#8221;vc_box_border&#8221; onclick=&#8221;link_image&#8221; qode_css_animation=&#8221;&#8221;][vc_empty_space height=&#8221;30px&#8221;][vc_column_text]<\/p>\n<h6>2007 &#8211; Lluis Ustrell<\/h6>\n<p>[\/vc_column_text][vc_separator type=&#8221;full_width&#8221; border_style=&#8221;&#8221;][vc_empty_space height=&#8221;30px&#8221;][\/vc_column][vc_column offset=&#8221;vc_col-lg-offset-0 vc_col-lg-4 vc_col-md-offset-0 vc_col-md-4 vc_col-sm-offset-0&#8243;][vc_single_image image=&#8221;449&#8243; img_size=&#8221;full&#8221; alignment=&#8221;center&#8221; style=&#8221;vc_box_border&#8221; onclick=&#8221;link_image&#8221; qode_css_animation=&#8221;&#8221;][vc_empty_space height=&#8221;30px&#8221;][vc_column_text]<\/p>\n<h6>2006 &#8211; Roger Sauquet<\/h6>\n<p>[\/vc_column_text][vc_separator type=&#8221;full_width&#8221; border_style=&#8221;&#8221;][vc_empty_space height=&#8221;30px&#8221;][\/vc_column][\/vc_row]<\/p>\n<\/div>","protected":false},"excerpt":{"rendered":"<p>[vc_row row_type=&#8221;row&#8221; use_row_as_full_screen_section=&#8221;no&#8221; type=&#8221;grid&#8221; text_align=&#8221;center&#8221; background_animation=&#8221;none&#8221; padding_bottom=&#8221;100&#8243; css_animation=&#8221;&#8221;][vc_column width=&#8221;5\/6&#8243; offset=&#8221;vc_col-sm-offset-1&#8243;][vc_empty_space height=&#8221;27px&#8221;][vc_column_text] MARC SAUQUET FUNDACI\u00d3 [\/vc_column_text][vc_empty_space height=&#8221;27px&#8221;][vc_column_text] El Marc va tenir una vida molt curta. No obstant, la va viure de forma molt intensa, gaudint-la i aprofitant-la al m\u00e0xim. Aqui nom\u00e9s hi ha unes paraules del&#8230;<\/p>\n","protected":false},"author":1,"featured_media":0,"parent":0,"menu_order":0,"comment_status":"closed","ping_status":"closed","template":"full_width.php","meta":[],"_links":{"self":[{"href":"https:\/\/www.fundaciomarcsauquet.org\/index.php?rest_route=\/wp\/v2\/pages\/438"}],"collection":[{"href":"https:\/\/www.fundaciomarcsauquet.org\/index.php?rest_route=\/wp\/v2\/pages"}],"about":[{"href":"https:\/\/www.fundaciomarcsauquet.org\/index.php?rest_route=\/wp\/v2\/types\/page"}],"author":[{"embeddable":true,"href":"https:\/\/www.fundaciomarcsauquet.org\/index.php?rest_route=\/wp\/v2\/users\/1"}],"replies":[{"embeddable":true,"href":"https:\/\/www.fundaciomarcsauquet.org\/index.php?rest_route=%2Fwp%2Fv2%2Fcomments&post=438"}],"version-history":[{"count":12,"href":"https:\/\/www.fundaciomarcsauquet.org\/index.php?rest_route=\/wp\/v2\/pages\/438\/revisions"}],"predecessor-version":[{"id":462,"href":"https:\/\/www.fundaciomarcsauquet.org\/index.php?rest_route=\/wp\/v2\/pages\/438\/revisions\/462"}],"wp:attachment":[{"href":"https:\/\/www.fundaciomarcsauquet.org\/index.php?rest_route=%2Fwp%2Fv2%2Fmedia&parent=438"}],"curies":[{"name":"wp","href":"https:\/\/api.w.org\/{rel}","templated":true}]}}