{"id":360,"date":"2018-07-31T07:12:26","date_gmt":"2018-07-31T07:12:26","guid":{"rendered":"http:\/\/www.fundaciomarcsauquet.org\/?page_id=360"},"modified":"2018-08-01T07:06:48","modified_gmt":"2018-08-01T07:06:48","slug":"projectes-de-futur","status":"publish","type":"page","link":"https:\/\/www.fundaciomarcsauquet.org\/?page_id=360","title":{"rendered":"Projectes de futur"},"content":{"rendered":"<div class=\"wpb-content-wrapper\"><p>[vc_row row_type=&#8221;row&#8221; use_row_as_full_screen_section=&#8221;no&#8221; type=&#8221;grid&#8221; text_align=&#8221;center&#8221; background_animation=&#8221;none&#8221; padding_bottom=&#8221;100&#8243; css_animation=&#8221;&#8221;][vc_column width=&#8221;5\/6&#8243; offset=&#8221;vc_col-sm-offset-1&#8243;][vc_empty_space][vc_column_text]<\/p>\n<h2 style=\"text-align: center;\">UNA MIRADA ENDEVANT<\/h2>\n<p>[\/vc_column_text][vc_empty_space height=&#8221;27px&#8221;][vc_column_text]<\/p>\n<p style=\"text-align: center;\">Durant el 2017, tots els esfor\u00e7os de la Fundaci\u00f3 se centraran en la conclusi\u00f3 del nou edifici de Sakya. En principi, est\u00e0 previst que l\u2019obra estigui enllestida cap a l\u2019\u00faltim trimestre de l\u2019any.<\/p>\n<p style=\"text-align: center;\">Paral\u00b7lelament, Sri Arunodayam t\u00e9 la intenci\u00f3 de construir un nou edifici a un antic solar que ja hav\u00edem vist fa molts anys, encara que no est\u00e0 del tot clar com col\u00b7laborarem en aquest nou projecte de l\u2019Iyyappan.<\/p>\n<p style=\"text-align: center;\">Aix\u00ed mateix, continuarem ajudant la majoria d\u2019organitzacions amb les quals col\u00b7laborem<br \/>\ni que ja fa molts anys que formen part de la hist\u00f2ria de la Fundaci\u00f3.<\/p>\n<p style=\"text-align: center;\">Finalment, la nostra ajuda a Nicaragua seguir\u00e0 destinada a les beques de l\u2019Instituto Loyola i a estudiants universitaris amb bons expedients acad\u00e8mics.<\/p>\n<p>[\/vc_column_text][\/vc_column][\/vc_row][vc_row row_type=&#8221;row&#8221; use_row_as_full_screen_section=&#8221;no&#8221; type=&#8221;grid&#8221; text_align=&#8221;center&#8221; background_animation=&#8221;none&#8221; padding_bottom=&#8221;110&#8243; css_animation=&#8221;&#8221;][vc_column offset=&#8221;vc_col-lg-offset-0 vc_col-lg-4 vc_col-md-offset-0 vc_col-md-4 vc_col-sm-offset-0&#8243;][vc_single_image image=&#8221;370&#8243; img_size=&#8221;full&#8221; alignment=&#8221;center&#8221; qode_css_animation=&#8221;&#8221;][\/vc_column][vc_column offset=&#8221;vc_col-lg-offset-0 vc_col-lg-4 vc_col-md-offset-0 vc_col-md-4 vc_col-sm-offset-0&#8243;][vc_single_image image=&#8221;380&#8243; img_size=&#8221;full&#8221; alignment=&#8221;center&#8221; qode_css_animation=&#8221;&#8221;][\/vc_column][vc_column offset=&#8221;vc_col-lg-offset-0 vc_col-lg-4 vc_col-md-offset-0 vc_col-md-4 vc_col-sm-offset-0&#8243;][vc_single_image image=&#8221;373&#8243; img_size=&#8221;full&#8221; alignment=&#8221;center&#8221; qode_css_animation=&#8221;&#8221;][\/vc_column][\/vc_row]<\/p>\n<\/div>","protected":false},"excerpt":{"rendered":"<p>[vc_row row_type=&#8221;row&#8221; use_row_as_full_screen_section=&#8221;no&#8221; type=&#8221;grid&#8221; text_align=&#8221;center&#8221; background_animation=&#8221;none&#8221; padding_bottom=&#8221;100&#8243; css_animation=&#8221;&#8221;][vc_column width=&#8221;5\/6&#8243; offset=&#8221;vc_col-sm-offset-1&#8243;][vc_empty_space][vc_column_text] UNA MIRADA ENDEVANT [\/vc_column_text][vc_empty_space height=&#8221;27px&#8221;][vc_column_text] Durant el 2017, tots els esfor\u00e7os de la Fundaci\u00f3 se centraran en la conclusi\u00f3 del nou edifici de Sakya. En principi, est\u00e0 previst que l\u2019obra estigui enllestida cap a l\u2019\u00faltim&#8230;<\/p>\n","protected":false},"author":1,"featured_media":0,"parent":0,"menu_order":0,"comment_status":"closed","ping_status":"closed","template":"full_width.php","meta":[],"_links":{"self":[{"href":"https:\/\/www.fundaciomarcsauquet.org\/index.php?rest_route=\/wp\/v2\/pages\/360"}],"collection":[{"href":"https:\/\/www.fundaciomarcsauquet.org\/index.php?rest_route=\/wp\/v2\/pages"}],"about":[{"href":"https:\/\/www.fundaciomarcsauquet.org\/index.php?rest_route=\/wp\/v2\/types\/page"}],"author":[{"embeddable":true,"href":"https:\/\/www.fundaciomarcsauquet.org\/index.php?rest_route=\/wp\/v2\/users\/1"}],"replies":[{"embeddable":true,"href":"https:\/\/www.fundaciomarcsauquet.org\/index.php?rest_route=%2Fwp%2Fv2%2Fcomments&post=360"}],"version-history":[{"count":7,"href":"https:\/\/www.fundaciomarcsauquet.org\/index.php?rest_route=\/wp\/v2\/pages\/360\/revisions"}],"predecessor-version":[{"id":383,"href":"https:\/\/www.fundaciomarcsauquet.org\/index.php?rest_route=\/wp\/v2\/pages\/360\/revisions\/383"}],"wp:attachment":[{"href":"https:\/\/www.fundaciomarcsauquet.org\/index.php?rest_route=%2Fwp%2Fv2%2Fmedia&parent=360"}],"curies":[{"name":"wp","href":"https:\/\/api.w.org\/{rel}","templated":true}]}}