{"id":793,"date":"2018-10-24T12:21:51","date_gmt":"2018-10-24T12:21:51","guid":{"rendered":"http:\/\/www.fundaciomarcsauquet.org\/?page_id=793"},"modified":"2018-10-24T13:27:03","modified_gmt":"2018-10-24T13:27:03","slug":"projects","status":"publish","type":"page","link":"https:\/\/www.fundaciomarcsauquet.org\/?page_id=793&lang=es","title":{"rendered":"Proyectos"},"content":{"rendered":"<div class=\"wpb-content-wrapper\"><p>[vc_row row_type=\u00bbrow\u00bb use_row_as_full_screen_section=\u00bbno\u00bb type=\u00bbfull_width\u00bb text_align=\u00bbleft\u00bb background_animation=\u00bbnone\u00bb css_animation=\u00bb\u00bb][vc_column][vc_empty_space][\/vc_column][\/vc_row][vc_row row_type=\u00bbrow\u00bb use_row_as_full_screen_section=\u00bbno\u00bb type=\u00bbgrid\u00bb text_align=\u00bbcenter\u00bb background_animation=\u00bbnone\u00bb padding_bottom=\u00bb110&#8243; css_animation=\u00bb\u00bb][vc_column width=\u00bb1\/3&#8243; offset=\u00bbvc_col-lg-offset-0 vc_col-lg-4 vc_col-md-offset-0 vc_col-md-4 vc_col-sm-offset-0&#8243;][vc_single_image image=\u00bb512&#8243; img_size=\u00bbfull\u00bb alignment=\u00bbcenter\u00bb style=\u00bbvc_box_border\u00bb onclick=\u00bblink_image\u00bb qode_css_animation=\u00bb\u00bb][vc_empty_space height=\u00bb49px\u00bb][vc_column_text]<\/p>\n<h3 style=\"text-align: left;\">SAKYA<\/h3>\n<p>[\/vc_column_text][vc_separator type=\u00bbnormal\u00bb border_style=\u00bb\u00bb][vc_column_text]<\/p>\n<p style=\"text-align: left;\"><strong>Objetivo:<\/strong> Orfanato para la acogida de las castas m\u00e1s desfavorecidas.<\/p>\n<p style=\"text-align: left;\"><strong>Lugar:<\/strong> Chennai<\/p>\n<p style=\"text-align: left;\"><strong>Proyecto solicitado: <\/strong>Construcci\u00f3n de un nuevo edificio.<\/p>\n<p style=\"text-align: left;\"><strong>Proyecto realizado:<\/strong> Gracias a la Fundaci\u00f3n Heres, hemos podido aportar la totalidad del proyecto solicitado.<\/p>\n<p style=\"text-align: left;\"><strong>Importe de la ayuda:<\/strong> 36.783\u20ac<\/p>\n<p style=\"text-align: left;\">A\u00f1os que llevamos colaborando juntos desde 2011<\/p>\n<p>[\/vc_column_text][vc_empty_space height=\u00bb49px\u00bb][\/vc_column][vc_column width=\u00bb1\/3&#8243; offset=\u00bbvc_col-lg-offset-0 vc_col-lg-4 vc_col-md-offset-0 vc_col-md-4 vc_col-sm-offset-0&#8243;][vc_single_image image=\u00bb513&#8243; img_size=\u00bbfull\u00bb alignment=\u00bbcenter\u00bb style=\u00bbvc_box_border\u00bb onclick=\u00bblink_image\u00bb qode_css_animation=\u00bb\u00bb][vc_empty_space height=\u00bb49px\u00bb][vc_column_text]<\/p>\n<h3 style=\"text-align: left;\">SRI ARUNODAYAM<\/h3>\n<p>[\/vc_column_text][vc_separator type=\u00bbnormal\u00bb border_style=\u00bb\u00bb][vc_column_text]<\/p>\n<p style=\"text-align: left;\"><strong>Objetivo:<\/strong> Acoger a ni\u00f1os con discapacidad y abandonados.<\/p>\n<p style=\"text-align: left;\"><strong>Lugar:<\/strong> Chennai<\/p>\n<p style=\"text-align: left;\"><strong>Proyecto solicitado:\u00a0<\/strong>Nos presentan todos los gastos salariales del proyecto m\u00e9dico del centro, los cuales incluyen las retribuciones del m\u00e9dico y de la enfermera, al igual que el a\u00f1o pasado, y, adem\u00e1s, el sueldo de un fisioterapeuta. Asimismo, nos piden ayuda para la compra de una m\u00e1quina industrial de lavar.<\/p>\n<p style=\"text-align: left;\"><strong>Proyecto realizado: <\/strong>Hemos ayudado con los sueldos del m\u00e9dico, de la enfermera y del fisioterapeuta, respectivamente.<\/p>\n<p style=\"text-align: left;\"><strong>Importe de la ayuda:<\/strong> 9.166\u20ac<\/p>\n<p style=\"text-align: left;\">A\u00f1os que llevamos colaborando juntos desde 2006<\/p>\n<p>[\/vc_column_text][vc_empty_space height=\u00bb49px\u00bb][\/vc_column][vc_column width=\u00bb1\/3&#8243;][vc_single_image image=\u00bb534&#8243; img_size=\u00bb650&#215;650&#8243; style=\u00bbvc_box_border\u00bb onclick=\u00bblink_image\u00bb qode_css_animation=\u00bb\u00bb][vc_empty_space height=\u00bb49px\u00bb][vc_column_text]<\/p>\n<h3 style=\"text-align: left;\">CHILD<\/h3>\n<p>[\/vc_column_text][vc_separator type=\u00bbnormal\u00bb border_style=\u00bb\u00bb][vc_column_text]<strong>Objetivo:<\/strong> Escuela &#8211; Internado.<\/p>\n<p><strong>Lugar:<\/strong> Chennai<\/p>\n<p><strong>Proyecto solicitado:\u00a0<\/strong>Piden ayuda para tres proyectos: 1) gastos diarios de funcionamiento (entre ellos, la escolarizaci\u00f3n de 18 ni\u00f1os); 2) el proyecto inform\u00e1tico; y 3) el programa I Support a Girl, que ayuda a ni\u00f1as afectadas, directa o indirectamente, por el VIH.<\/p>\n<p><strong>Proyecto realizado:<\/strong> Nos hemos hecho cargo de la escolarizaci\u00f3n de 18ni\u00f1os.<\/p>\n<p><strong>Importe de la ayuda:<\/strong> 4.724\u20ac<\/p>\n<p>A\u00f1os que llevamos colaborando juntos desde 2013 (de manera discontinua).<\/p>\n<div class=\"clear\"><\/div>\n<p>[\/vc_column_text][vc_empty_space height=\u00bb49px\u00bb][\/vc_column][\/vc_row][vc_row row_type=\u00bbrow\u00bb use_row_as_full_screen_section=\u00bbno\u00bb type=\u00bbgrid\u00bb text_align=\u00bbcenter\u00bb background_animation=\u00bbnone\u00bb padding_bottom=\u00bb110&#8243; css_animation=\u00bb\u00bb][vc_column width=\u00bb1\/3&#8243; offset=\u00bbvc_col-lg-offset-0 vc_col-lg-4 vc_col-md-offset-0 vc_col-md-4 vc_col-sm-offset-0&#8243;][vc_single_image image=\u00bb509&#8243; img_size=\u00bbfull\u00bb alignment=\u00bbcenter\u00bb style=\u00bbvc_box_border\u00bb onclick=\u00bblink_image\u00bb qode_css_animation=\u00bb\u00bb][vc_empty_space height=\u00bb49px\u00bb][vc_column_text]<\/p>\n<h3 style=\"text-align: left;\">INSTITUTO LOYOLA<\/h3>\n<p>[\/vc_column_text][vc_separator type=\u00bbnormal\u00bb border_style=\u00bb\u00bb][vc_column_text]<\/p>\n<p style=\"text-align: left;\"><strong>Objetivo:<\/strong> Escuela<\/p>\n<p style=\"text-align: left;\"><strong>Lugar:<\/strong> Managua<\/p>\n<p style=\"text-align: left;\"><strong>Proyecto solicitado:\u00a0<\/strong>Escolarizaci\u00f3n de 13 alumnos de todos los niveles de ense\u00f1anza, desde la escuela primaria hasta la universidad.<\/p>\n<p style=\"text-align: left;\"><strong>Proyecto realizado: <\/strong>Hemos colaborado en la totalidad del proyecto.<\/p>\n<p style=\"text-align: left;\"><strong>Importe de la ayuda:<\/strong> 8.345\u20ac<\/p>\n<p style=\"text-align: left;\">A\u00f1os que llevamos colaborando juntos desde 2005<\/p>\n<p>[\/vc_column_text][vc_empty_space height=\u00bb49px\u00bb][\/vc_column][vc_column width=\u00bb1\/3&#8243; offset=\u00bbvc_col-lg-offset-0 vc_col-lg-4 vc_col-md-offset-0 vc_col-md-4 vc_col-sm-offset-0&#8243;][vc_single_image image=\u00bb496&#8243; img_size=\u00bbfull\u00bb alignment=\u00bbcenter\u00bb style=\u00bbvc_box_border\u00bb onclick=\u00bblink_image\u00bb qode_css_animation=\u00bb\u00bb][vc_empty_space height=\u00bb49px\u00bb][vc_column_text]<\/p>\n<h3 style=\"text-align: left;\">ANBUKARANGAL<\/h3>\n<p>[\/vc_column_text][vc_separator type=\u00bbnormal\u00bb border_style=\u00bb\u00bb][vc_column_text]<\/p>\n<p style=\"text-align: left;\"><strong>Objetivo:<\/strong> Orfanato<\/p>\n<p style=\"text-align: left;\"><strong>Lugar:<\/strong> Chennai<\/p>\n<p style=\"text-align: left;\"><strong>Proyecto solicitado:\u00a0<\/strong>Escolarizaci\u00f3n, en ingl\u00e9s, para 8 ni\u00f1os.<\/p>\n<p style=\"text-align: left;\"><strong>Proyecto realizado:<\/strong> Hemos colaborado en la totalidad del proyecto.<\/p>\n<p style=\"text-align: left;\"><strong>Importe de la ayuda: <\/strong>2.703\u20ac<\/p>\n<p style=\"text-align: left;\">A\u00f1os que llevamos colaborando juntos desde 2006<\/p>\n<p>[\/vc_column_text][vc_empty_space height=\u00bb49px\u00bb][\/vc_column][vc_column width=\u00bb1\/3&#8243;][vc_single_image image=\u00bb813&#8243; img_size=\u00bbfull\u00bb alignment=\u00bbcenter\u00bb style=\u00bbvc_box_border\u00bb onclick=\u00bblink_image\u00bb qode_css_animation=\u00bb\u00bb][vc_empty_space height=\u00bb49px\u00bb][vc_column_text]<\/p>\n<h3 style=\"text-align: left;\">CHILDREN HOME OF HOPE<\/h3>\n<p>[\/vc_column_text][vc_separator type=\u00bbnormal\u00bb border_style=\u00bb\u00bb][vc_column_text]<\/p>\n<p style=\"text-align: left;\"><strong>Objetivo:<\/strong> Orfanato para la acogida de las castas m\u00e1s desfavorecidas.<\/p>\n<p style=\"text-align: left;\"><strong>Lugar:<\/strong> Chennai<\/p>\n<p style=\"text-align: left;\"><strong>Proyecto solicitado:\u00a0 <\/strong>tuvieron un problema importante en el desag\u00fce de los lavabos y necesitaban urgentemente una ayuda para poder arreglar dicho problema. Tambi\u00e9n ped\u00edan comprar 7 ordenadores nuevos para la escuela.<\/p>\n<p style=\"text-align: left;\"><strong>Proyecto realizado:<\/strong>les ayudamos a solucionar el problema que ten\u00edan en los lavabos.<\/p>\n<p style=\"text-align: left;\"><strong>Importe de la ayuda:<\/strong> 2.778\u20ac<\/p>\n<p style=\"text-align: left;\">A\u00f1os que llevamos colaborando juntos desde 2013 de manera discontinua<\/p>\n<p>[\/vc_column_text][vc_empty_space height=\u00bb49px\u00bb][\/vc_column][\/vc_row][vc_row row_type=\u00bbrow\u00bb use_row_as_full_screen_section=\u00bbno\u00bb type=\u00bbgrid\u00bb text_align=\u00bbcenter\u00bb background_animation=\u00bbnone\u00bb padding_bottom=\u00bb110&#8243; css_animation=\u00bb\u00bb][vc_column width=\u00bb1\/3&#8243; offset=\u00bbvc_col-lg-offset-0 vc_col-lg-4 vc_col-md-offset-0 vc_col-md-4 vc_col-sm-offset-0&#8243;][vc_single_image image=\u00bb511&#8243; img_size=\u00bbfull\u00bb alignment=\u00bbcenter\u00bb style=\u00bbvc_box_border\u00bb onclick=\u00bblink_image\u00bb qode_css_animation=\u00bb\u00bb][vc_empty_space height=\u00bb49px\u00bb][vc_column_text]<\/p>\n<h3 style=\"text-align: left;\">PCVC<\/h3>\n<p>[\/vc_column_text][vc_separator type=\u00bbnormal\u00bb border_style=\u00bb\u00bb][vc_column_text]<\/p>\n<p style=\"text-align: left;\"><strong>Objetivo:<\/strong> ayudar a ni\u00f1os afectados por la violencia dom\u00e9stica.<\/p>\n<p style=\"text-align: left;\"><strong>Lugar:<\/strong> Chennai<\/p>\n<p style=\"text-align: left;\"><strong>Proyecto solicitado: <\/strong>nos piden mantener la ayuda al proyecto Smile Project.<\/p>\n<p style=\"text-align: left;\"><strong>Proyecto realizado:<\/strong> hemos colaborado en el apoyo a 50 ni\u00f1os del proyecto.<\/p>\n<p style=\"text-align: left;\"><strong>Importe de la ayuda:<\/strong> 7.021\u20ac<\/p>\n<p style=\"text-align: left;\">A\u00f1os que llevamos colaborando juntos desde 2007<\/p>\n<p>[\/vc_column_text][vc_empty_space height=\u00bb49px\u00bb][\/vc_column][vc_column width=\u00bb1\/3&#8243; offset=\u00bbvc_col-lg-offset-0 vc_col-lg-4 vc_col-md-offset-0 vc_col-md-4 vc_col-sm-offset-0&#8243;][vc_single_image image=\u00bb510&#8243; img_size=\u00bbfull\u00bb alignment=\u00bbcenter\u00bb style=\u00bbvc_box_border\u00bb onclick=\u00bblink_image\u00bb qode_css_animation=\u00bb\u00bb][vc_empty_space height=\u00bb49px\u00bb][vc_column_text]<\/p>\n<h3 style=\"text-align: left;\">MAITHRI<\/h3>\n<p>[\/vc_column_text][vc_separator type=\u00bbnormal\u00bb border_style=\u00bb\u00bb][vc_column_text]<\/p>\n<p style=\"text-align: left;\"><strong>Objetivo:<\/strong> Ayudar con la escolarizaci\u00f3n de ni\u00f1os de familias necesitadas.<\/p>\n<p style=\"text-align: left;\"><strong>Lugar:<\/strong> Chennai<\/p>\n<p style=\"text-align: left;\"><strong>Proyecto solicitado: <\/strong>ayudar con la escolarizaci\u00f3n de ni\u00f1os de familias necesitadas.<\/p>\n<p style=\"text-align: left;\"><strong>Proyecto realizado:<\/strong> escolarizaci\u00f3n de 24 alumnos.<\/p>\n<p style=\"text-align: left;\"><strong>Importe de la ayuda:<\/strong> 5.389\u20ac<\/p>\n<p style=\"text-align: left;\">A\u00f1os que llevamos colaborando juntos desde 2006<\/p>\n<p>[\/vc_column_text][vc_empty_space height=\u00bb49px\u00bb][\/vc_column][vc_column width=\u00bb1\/3&#8243;][vc_single_image image=\u00bb515&#8243; img_size=\u00bbfull\u00bb alignment=\u00bbcenter\u00bb style=\u00bbvc_box_border\u00bb onclick=\u00bblink_image\u00bb qode_css_animation=\u00bb\u00bb][vc_empty_space height=\u00bb49px\u00bb][vc_column_text]<\/p>\n<h3 style=\"text-align: left;\">VANAVIL<\/h3>\n<p>[\/vc_column_text][vc_separator type=\u00bbnormal\u00bb border_style=\u00bb\u00bb][vc_column_text]<\/p>\n<p style=\"text-align: left;\"><strong>Objetivo:<\/strong> Escolarizar a ni\u00f1os n\u00f3madas.<\/p>\n<p style=\"text-align: left;\"><strong>Lugar:<\/strong> Nagapattinam (Tamil Nadu)<\/p>\n<p style=\"text-align: left;\"><strong>Proyecto solicitado:\u00a0<\/strong>Ayuda para el mantenimiento de Vanavil, concretamente: sueldos del profesorado, alimentaci\u00f3n y otros gastos del centro (luz, atenci\u00f3n sanitaria, transporte, etc.). Adem\u00e1s, piden ayuda para un nuevo proyecto de actividades extraescolares (teatro, deportes, ingl\u00e9s y matem\u00e1ticas, entre otras), destinado a los ni\u00f1os de los alrededores de Vanavil.<\/p>\n<p style=\"text-align: left;\"><strong>Proyecto realizado:<\/strong> Hemos colaborado con una parte de los gastos de alimentaci\u00f3n y de educaci\u00f3n de Vanavil.<\/p>\n<p style=\"text-align: left;\"><strong>Importe de la ayuda:<\/strong> 37.461\u20ac<\/p>\n<p style=\"text-align: left;\">A\u00f1os que llevamos colaborando juntos desde 2008<\/p>\n<p>[\/vc_column_text][vc_empty_space height=\u00bb49px\u00bb][\/vc_column][\/vc_row]<\/p>\n<\/div>","protected":false},"excerpt":{"rendered":"<p>[vc_row row_type=\u00bbrow\u00bb use_row_as_full_screen_section=\u00bbno\u00bb type=\u00bbfull_width\u00bb text_align=\u00bbleft\u00bb background_animation=\u00bbnone\u00bb css_animation=\u00bb\u00bb][vc_column][vc_empty_space][\/vc_column][\/vc_row][vc_row row_type=\u00bbrow\u00bb use_row_as_full_screen_section=\u00bbno\u00bb type=\u00bbgrid\u00bb text_align=\u00bbcenter\u00bb background_animation=\u00bbnone\u00bb padding_bottom=\u00bb110&#8243; css_animation=\u00bb\u00bb][vc_column width=\u00bb1\/3&#8243; offset=\u00bbvc_col-lg-offset-0 vc_col-lg-4 vc_col-md-offset-0 vc_col-md-4 vc_col-sm-offset-0&#8243;][vc_single_image image=\u00bb512&#8243; img_size=\u00bbfull\u00bb alignment=\u00bbcenter\u00bb style=\u00bbvc_box_border\u00bb onclick=\u00bblink_image\u00bb qode_css_animation=\u00bb\u00bb][vc_empty_space height=\u00bb49px\u00bb][vc_column_text] SAKYA [\/vc_column_text][vc_separator type=\u00bbnormal\u00bb border_style=\u00bb\u00bb][vc_column_text] Objetivo: Orfanato para la acogida de las castas m\u00e1s desfavorecidas. Lugar: Chennai Proyecto solicitado:&#8230;<\/p>\n","protected":false},"author":1,"featured_media":0,"parent":0,"menu_order":0,"comment_status":"closed","ping_status":"closed","template":"full_width.php","meta":[],"_links":{"self":[{"href":"https:\/\/www.fundaciomarcsauquet.org\/index.php?rest_route=%2Fwp%2Fv2%2Fpages%2F793&lang=es"}],"collection":[{"href":"https:\/\/www.fundaciomarcsauquet.org\/index.php?rest_route=%2Fwp%2Fv2%2Fpages&lang=es"}],"about":[{"href":"https:\/\/www.fundaciomarcsauquet.org\/index.php?rest_route=%2Fwp%2Fv2%2Ftypes%2Fpage&lang=es"}],"author":[{"embeddable":true,"href":"https:\/\/www.fundaciomarcsauquet.org\/index.php?rest_route=%2Fwp%2Fv2%2Fusers%2F1&lang=es"}],"replies":[{"embeddable":true,"href":"https:\/\/www.fundaciomarcsauquet.org\/index.php?rest_route=%2Fwp%2Fv2%2Fcomments&lang=es&post=793"}],"version-history":[{"count":5,"href":"https:\/\/www.fundaciomarcsauquet.org\/index.php?rest_route=%2Fwp%2Fv2%2Fpages%2F793%2Frevisions&lang=es"}],"predecessor-version":[{"id":807,"href":"https:\/\/www.fundaciomarcsauquet.org\/index.php?rest_route=%2Fwp%2Fv2%2Fpages%2F793%2Frevisions%2F807&lang=es"}],"wp:attachment":[{"href":"https:\/\/www.fundaciomarcsauquet.org\/index.php?rest_route=%2Fwp%2Fv2%2Fmedia&lang=es&parent=793"}],"curies":[{"name":"wp","href":"https:\/\/api.w.org\/{rel}","templated":true}]}}