{"id":413,"date":"2016-03-16T12:06:02","date_gmt":"2016-03-16T12:06:02","guid":{"rendered":"http:\/\/www.fundaciomarcsauquet.org\/index.php\/restaurant-home\/"},"modified":"2018-10-26T09:20:02","modified_gmt":"2018-10-26T09:20:02","slug":"restaurant-home-2","status":"publish","type":"page","link":"https:\/\/www.fundaciomarcsauquet.org\/?lang=es","title":{"rendered":"Inici"},"content":{"rendered":"<div class=\"wpb-content-wrapper\"><p>[vc_row row_type=\u00bbrow\u00bb use_row_as_full_screen_section=\u00bbno\u00bb type=\u00bbgrid\u00bb text_align=\u00bbcenter\u00bb background_animation=\u00bbnone\u00bb padding_top=\u00bb128&#8243; padding_bottom=\u00bb141&#8243; css_animation=\u00bb\u00bb][vc_column width=\u00bb5\/6&#8243; offset=\u00bbvc_col-sm-offset-1&#8243;][vc_column_text]<\/p>\n<h2><span id=\"result_box\" class=\"short_text\" lang=\"es\">Por <span class=\"\">una infancia<\/span> <span class=\"\">mejor<\/span><\/span><\/h2>\n<p>[\/vc_column_text][vc_empty_space height=\u00bb30px\u00bb][vc_column_text]<\/p>\n<h5 style=\"text-align: center;\"><span style=\"color: #676767;\"><span id=\"result_box\" class=\"\" lang=\"es\"><span class=\"\">Desde<\/span> <span class=\"\">la Fundaci\u00f3n<\/span> Marc Sauquet, damos voz a algunos proyectos dedicados a los ni\u00f1os <span class=\"\">m\u00e1s desfavorecidos.<\/span> <span class=\"\">Gracias a esta<\/span> <span class=\"\">tarea<\/span> <span class=\"\">aportamos<\/span> en nuestro granito de arena <span class=\"\">para los m\u00e1s<\/span> <span class=\"\">peque\u00f1os.<\/span><\/span><\/span><\/h5>\n<p>[\/vc_column_text][\/vc_column][\/vc_row][vc_row row_type=\u00bbparallax\u00bb text_align=\u00bbcenter\u00bb background_image=\u00bb466&#8243; full_screen_section_height=\u00bbyes\u00bb vertically_align_content_in_middle=\u00bbno\u00bb][vc_column width=\u00bb5\/6&#8243; offset=\u00bbvc_col-sm-offset-1&#8243;][vc_empty_space height=\u00bb23px\u00bb css=\u00bb.vc_custom_1459339151117{padding-top: 25% !important;}\u00bb]<div class=\"custom_font_holder\" style=\"font-family: Poppins; font-size: 58px; line-height: 59px; font-style: normal; font-weight: 600; color: #252525; text-decoration: none; letter-spacing: 0.5px; background-color: rgba(255,255,255,0.85); padding: 25px 0 20px 0; margin: 0 0 0 0; text-align: center;\"><span>LOS PROYECTOS<\/span><\/div>[vc_empty_space height=\u00bb30px\u00bb][\/vc_column][\/vc_row][vc_row row_type=\u00bbrow\u00bb use_row_as_full_screen_section=\u00bbno\u00bb type=\u00bbfull_width\u00bb text_align=\u00bbcenter\u00bb background_animation=\u00bbnone\u00bb css_animation=\u00bb\u00bb][vc_column width=\u00bb5\/6&#8243; offset=\u00bbvc_col-sm-offset-1&#8243;][vc_text_separator title=\u00bb\u00daLTIMAS MEM\u00d3RIAS\u00bb][vc_empty_space height=\u00bb23px\u00bb css=\u00bb.vc_custom_1459339151117{padding-top: 25% !important;}\u00bb][vc_row_inner row_type=\u00bbrow\u00bb type=\u00bbfull_width\u00bb use_row_as_full_screen_section_slide=\u00bbno\u00bb text_align=\u00bbleft\u00bb css_animation=\u00bb\u00bb][vc_column_inner width=\u00bb1\/3&#8243;][vc_single_image image=\u00bb1021&#8243; img_size=\u00bbfull\u00bb qode_css_animation=\u00bb\u00bb][\/vc_column_inner][vc_column_inner width=\u00bb1\/3&#8243;][vc_single_image image=\u00bb1011&#8243; img_size=\u00bbfull\u00bb qode_css_animation=\u00bb\u00bb][\/vc_column_inner][vc_column_inner width=\u00bb1\/3&#8243;][vc_single_image image=\u00bb1008&#8243; img_size=\u00bbfull\u00bb qode_css_animation=\u00bb\u00bb][\/vc_column_inner][\/vc_row_inner][vc_empty_space height=\u00bb30px\u00bb]<a href=\"http:\/\/www.fundaciomarcsauquet.org\/?page_id=959&amp;lang=es\" target=\"_self\" data-hover-color='#3a3a3a' class=\"qbutton  big_large\" style=\"color: #a5a5a5; border-color: #000000; background-color: #ffffff;\">LEER M\u00c1S<\/a>[vc_empty_space height=\u00bb120px\u00bb][\/vc_column][\/vc_row]<\/p>\n<\/div>","protected":false},"excerpt":{"rendered":"<p>[vc_row row_type=\u00bbrow\u00bb use_row_as_full_screen_section=\u00bbno\u00bb type=\u00bbgrid\u00bb text_align=\u00bbcenter\u00bb background_animation=\u00bbnone\u00bb padding_top=\u00bb128&#8243; padding_bottom=\u00bb141&#8243; css_animation=\u00bb\u00bb][vc_column width=\u00bb5\/6&#8243; offset=\u00bbvc_col-sm-offset-1&#8243;][vc_column_text] Por una infancia mejor [\/vc_column_text][vc_empty_space height=\u00bb30px\u00bb][vc_column_text] Desde la Fundaci\u00f3n Marc Sauquet, damos voz a algunos proyectos dedicados a los ni\u00f1os m\u00e1s desfavorecidos. Gracias a esta tarea aportamos en nuestro granito de arena para los&#8230;<\/p>\n","protected":false},"author":1,"featured_media":0,"parent":0,"menu_order":0,"comment_status":"closed","ping_status":"closed","template":"full_width.php","meta":[],"_links":{"self":[{"href":"https:\/\/www.fundaciomarcsauquet.org\/index.php?rest_route=%2Fwp%2Fv2%2Fpages%2F413&lang=es"}],"collection":[{"href":"https:\/\/www.fundaciomarcsauquet.org\/index.php?rest_route=%2Fwp%2Fv2%2Fpages&lang=es"}],"about":[{"href":"https:\/\/www.fundaciomarcsauquet.org\/index.php?rest_route=%2Fwp%2Fv2%2Ftypes%2Fpage&lang=es"}],"author":[{"embeddable":true,"href":"https:\/\/www.fundaciomarcsauquet.org\/index.php?rest_route=%2Fwp%2Fv2%2Fusers%2F1&lang=es"}],"replies":[{"embeddable":true,"href":"https:\/\/www.fundaciomarcsauquet.org\/index.php?rest_route=%2Fwp%2Fv2%2Fcomments&lang=es&post=413"}],"version-history":[{"count":8,"href":"https:\/\/www.fundaciomarcsauquet.org\/index.php?rest_route=%2Fwp%2Fv2%2Fpages%2F413%2Frevisions&lang=es"}],"predecessor-version":[{"id":1036,"href":"https:\/\/www.fundaciomarcsauquet.org\/index.php?rest_route=%2Fwp%2Fv2%2Fpages%2F413%2Frevisions%2F1036&lang=es"}],"wp:attachment":[{"href":"https:\/\/www.fundaciomarcsauquet.org\/index.php?rest_route=%2Fwp%2Fv2%2Fmedia&lang=es&parent=413"}],"curies":[{"name":"wp","href":"https:\/\/api.w.org\/{rel}","templated":true}]}}